{"id":648,"date":"2022-10-21T23:03:54","date_gmt":"2022-10-21T23:03:54","guid":{"rendered":"https:\/\/steam-energy.eu\/vertical-steam-generators\/"},"modified":"2022-11-24T01:41:30","modified_gmt":"2022-11-24T01:41:30","slug":"pystysuora-hoyrykehitin","status":"publish","type":"page","link":"https:\/\/www.steam-energy.eu\/fi\/pystysuora-hoyrykehitin\/","title":{"rendered":"Pystysuora h\u00f6yrykehitin"},"content":{"rendered":"<div id='av_section_1'  class='avia-section av-79ag-4dfa4b34efd234a0d446e2b7dfe38649 main_color avia-section-large avia-no-border-styling  avia-builder-el-0  avia-builder-el-no-sibling  avia-bg-style-scroll container_wrap sidebar_right'  ><div class='container av-section-cont-open' ><main  role=\"main\" itemprop=\"mainContentOfPage\"  class='template-page content  av-content-small alpha units'><div class='post-entry post-entry-type-page post-entry-648'><div class='entry-content-wrapper clearfix'>\n\n<style type=\"text\/css\" data-created_by=\"avia_inline_auto\" id=\"style-css-av-l9j0th1k-410ca73b68e254a2fc41d76c74e97315\">\n#top .av-special-heading.av-l9j0th1k-410ca73b68e254a2fc41d76c74e97315{\npadding-bottom:0;\nfont-size:45px;\n}\nbody .av-special-heading.av-l9j0th1k-410ca73b68e254a2fc41d76c74e97315 .av-special-heading-tag .heading-char{\nfont-size:25px;\n}\n#top #wrap_all .av-special-heading.av-l9j0th1k-410ca73b68e254a2fc41d76c74e97315 .av-special-heading-tag{\nfont-size:45px;\n}\n.av-special-heading.av-l9j0th1k-410ca73b68e254a2fc41d76c74e97315 .av-subheading{\nfont-size:20px;\n}\n\n@media only screen and (min-width: 480px) and (max-width: 767px){ \n#top #wrap_all .av-special-heading.av-l9j0th1k-410ca73b68e254a2fc41d76c74e97315 .av-special-heading-tag{\nfont-size:0.8em;\n}\n}\n\n@media only screen and (max-width: 479px){ \n#top #wrap_all .av-special-heading.av-l9j0th1k-410ca73b68e254a2fc41d76c74e97315 .av-special-heading-tag{\nfont-size:0.8em;\n}\n}\n<\/style>\n<div  class='av-special-heading av-l9j0th1k-410ca73b68e254a2fc41d76c74e97315 av-special-heading-h1 blockquote modern-quote  avia-builder-el-1  el_before_av_hr  avia-builder-el-first  av-inherit-size'><h1 class='av-special-heading-tag '  itemprop=\"headline\"  >Pystysuora h\u00f6yrykehitin<\/h1><div class=\"special-heading-border\"><div class=\"special-heading-inner-border\"><\/div><\/div><\/div>\n<div  class='hr av-4l34-88481eeaf219131e213276355ddb5153 hr-short  avia-builder-el-2  el_after_av_heading  el_before_av_three_fifth  hr-left'><span class='hr-inner '><span class=\"hr-inner-style\"><\/span><\/span><\/div>\n<div  class='flex_column av-hc1o9-1e23bb2b19f9e0b9fe5e3e84c0500b91 av_three_fifth  avia-builder-el-3  el_after_av_hr  el_before_av_two_fifth  first flex_column_div  '     ><section  class='av_textblock_section av-l9j0tozy-e8b2c19700c1b275f3356add6f3102a8 '   itemscope=\"itemscope\" itemtype=\"https:\/\/schema.org\/CreativeWork\" ><div class='avia_textblock'  itemprop=\"text\" ><p>Pystysuuntainen kaksikiertoinen h\u00f6yrynkehitin, joka pystyy tuottamaan 125&#8230;1000 kg\/h h\u00f6yry\u00e4 yksikk\u00f6\u00e4 kohden. Sis\u00e4inen kela on valmistettu kahdesta samankeskisest\u00e4 P235GH-putkesta. Kaikki paineosat on valmistettu PED:n (97\/23\/CE) mukaisesti. Erityisen h\u00f6yrynker\u00e4\u00e4j\u00e4n muotoilun ansiosta pystymme minimoimaan m\u00e4r\u00e4n h\u00f6yryn m\u00e4\u00e4r\u00e4n. H\u00f6yrygeneraattorin vaippa on eristetty kivivillalla ja ruostumattomalla ter\u00e4slevyll\u00e4. Pystymalli FB sopii paikkoihin, joissa tilaa on rajoitetusti. Generaattori voidaan avata ylh\u00e4\u00e4lt\u00e4 kelan poistamiseksi. Vakioj\u00e4rjestelm\u00e4 on IP55 ja s\u00e4hk\u00f6yksikk\u00f6 koostuu:<\/p>\n<ul>\n<li>P\u00e4\u00e4kytkin;<\/li>\n<li>Apukytkin;<\/li>\n<li>Polttimen k\u00e4ynnistyskytkin;<\/li>\n<li>Tehon s\u00e4\u00e4ntely kytkin;<\/li>\n<li>Digitaalinen l\u00e4mp\u00f6tilans\u00e4\u00e4din jatkuvaan h\u00f6yryn l\u00e4mp\u00f6tilan s\u00e4\u00e4t\u00f6\u00f6n;<\/li>\n<li>Alam-valot (vedenkorkeus, yliteho, paineh\u00e4lytys, savukaasuvaroitin, poltinh\u00e4lytys)<\/li>\n<\/ul>\n<\/div><\/section><\/div><div  class='flex_column av-bamih-4a8f8b6e419a05e7cd6286dba991a654 av_two_fifth  avia-builder-el-5  el_after_av_three_fifth  el_before_av_gallery  flex_column_div  '     ><style type=\"text\/css\" data-created_by=\"avia_inline_auto\" id=\"style-css-av-l9j3iguh-f106ab9c9884fba4ecb5fb2616128326\">\n.avia-image-container.av-l9j3iguh-f106ab9c9884fba4ecb5fb2616128326 img.avia_image{\nbox-shadow:none;\n}\n.avia-image-container.av-l9j3iguh-f106ab9c9884fba4ecb5fb2616128326 .av-image-caption-overlay-center{\ncolor:#ffffff;\n}\n<\/style>\n<div  class='avia-image-container av-l9j3iguh-f106ab9c9884fba4ecb5fb2616128326 av-styling- avia-align-center  avia-builder-el-6  avia-builder-el-no-sibling '   itemprop=\"image\" itemscope=\"itemscope\" itemtype=\"https:\/\/schema.org\/ImageObject\" ><div class=\"avia-image-container-inner\"><div class=\"avia-image-overlay-wrap\"><img decoding=\"async\" fetchpriority=\"high\" class='wp-image-526 avia-img-lazy-loading-not-526 avia_image ' src=\"https:\/\/www.steam-energy.eu\/wp-content\/uploads\/2022\/10\/Vertical-steam-generators-7-861x1030.jpg\" alt='Vertical steam generators' title='Vertical steam generators'  height=\"1030\" width=\"861\"  itemprop=\"thumbnailUrl\" srcset=\"https:\/\/www.steam-energy.eu\/wp-content\/uploads\/2022\/10\/Vertical-steam-generators-7-861x1030.jpg 861w, https:\/\/www.steam-energy.eu\/wp-content\/uploads\/2022\/10\/Vertical-steam-generators-7-251x300.jpg 251w, https:\/\/www.steam-energy.eu\/wp-content\/uploads\/2022\/10\/Vertical-steam-generators-7-768x919.jpg 768w, https:\/\/www.steam-energy.eu\/wp-content\/uploads\/2022\/10\/Vertical-steam-generators-7-589x705.jpg 589w, https:\/\/www.steam-energy.eu\/wp-content\/uploads\/2022\/10\/Vertical-steam-generators-7.jpg 1110w\" sizes=\"(max-width: 861px) 100vw, 861px\" \/><\/div><\/div><\/div><\/div>\n<style type=\"text\/css\" data-created_by=\"avia_inline_auto\" id=\"style-css-av-l9j3j0ja-a9b700135fcc99ed1302657b33b35cb2\">\n#top .avia-gallery.av-l9j3j0ja-a9b700135fcc99ed1302657b33b35cb2 .avia-gallery-thumb a{\nwidth:33.3333%;\n}\n<\/style>\n<div  class='avia-gallery av-l9j3j0ja-a9b700135fcc99ed1302657b33b35cb2 avia_animate_when_visible  avia-builder-el-7  el_after_av_two_fifth  avia-builder-el-last  animations_off avia-gallery-1'  itemprop=\"image\" itemscope=\"itemscope\" itemtype=\"https:\/\/schema.org\/ImageObject\" ><meta itemprop=\"contentURL\" content=\"https:\/\/www.steam-energy.eu\/fi\/pystysuora-hoyrykehitin\/\"><div class='avia-gallery-thumb'><a href=\"https:\/\/www.steam-energy.eu\/wp-content\/uploads\/2022\/10\/Vertical-steam-generators-1-1030x850.jpg\" data-srcset=\"https:\/\/www.steam-energy.eu\/wp-content\/uploads\/2022\/10\/Vertical-steam-generators-1-1030x850.jpg 1030w, https:\/\/www.steam-energy.eu\/wp-content\/uploads\/2022\/10\/Vertical-steam-generators-1-300x248.jpg 300w, https:\/\/www.steam-energy.eu\/wp-content\/uploads\/2022\/10\/Vertical-steam-generators-1-768x634.jpg 768w, https:\/\/www.steam-energy.eu\/wp-content\/uploads\/2022\/10\/Vertical-steam-generators-1-705x582.jpg 705w, https:\/\/www.steam-energy.eu\/wp-content\/uploads\/2022\/10\/Vertical-steam-generators-1.jpg 1072w\" data-sizes=\"(max-width: 1030px) 100vw, 1030px\" data-rel='gallery-1' data-prev-img='https:\/\/www.steam-energy.eu\/wp-content\/uploads\/2022\/10\/Vertical-steam-generators-1-495x400.jpg' class='first_thumb lightbox ' data-onclick='1' title=''  itemprop=\"thumbnailUrl\"  ><img decoding=\"async\" fetchpriority=\"high\" class=\"wp-image-649 avia-img-lazy-loading-not-649\"   src=\"https:\/\/www.steam-energy.eu\/wp-content\/uploads\/2022\/10\/Vertical-steam-generators-1-495x400.jpg\" width=\"495\" height=\"400\"  title='Vertical steam generators' alt='' srcset=\"https:\/\/www.steam-energy.eu\/wp-content\/uploads\/2022\/10\/Vertical-steam-generators-1-495x400.jpg 495w, https:\/\/www.steam-energy.eu\/wp-content\/uploads\/2022\/10\/Vertical-steam-generators-1-845x684.jpg 845w\" sizes=\"(max-width: 495px) 100vw, 495px\" \/><div class='big-prev-fake'><img decoding=\"async\" loading=\"lazy\" class=\"wp-image-649 avia-img-lazy-loading-649\"  width=\"495\" height=\"400\" src=\"https:\/\/www.steam-energy.eu\/wp-content\/uploads\/2022\/10\/Vertical-steam-generators-1-495x400.jpg\" title='Vertical steam generators' alt='' srcset=\"https:\/\/www.steam-energy.eu\/wp-content\/uploads\/2022\/10\/Vertical-steam-generators-1-495x400.jpg 495w, https:\/\/www.steam-energy.eu\/wp-content\/uploads\/2022\/10\/Vertical-steam-generators-1-845x684.jpg 845w\" sizes=\"auto, (max-width: 495px) 100vw, 495px\" \/><\/div><\/a><a href=\"https:\/\/www.steam-energy.eu\/wp-content\/uploads\/2022\/10\/Vertical-steam-generators-6-773x1030.jpg\" data-srcset=\"https:\/\/www.steam-energy.eu\/wp-content\/uploads\/2022\/10\/Vertical-steam-generators-6-773x1030.jpg 773w, https:\/\/www.steam-energy.eu\/wp-content\/uploads\/2022\/10\/Vertical-steam-generators-6-225x300.jpg 225w, https:\/\/www.steam-energy.eu\/wp-content\/uploads\/2022\/10\/Vertical-steam-generators-6-768x1024.jpg 768w, https:\/\/www.steam-energy.eu\/wp-content\/uploads\/2022\/10\/Vertical-steam-generators-6-529x705.jpg 529w, https:\/\/www.steam-energy.eu\/wp-content\/uploads\/2022\/10\/Vertical-steam-generators-6.jpg 900w\" data-sizes=\"(max-width: 773px) 100vw, 773px\" data-rel='gallery-1' data-prev-img='https:\/\/www.steam-energy.eu\/wp-content\/uploads\/2022\/10\/Vertical-steam-generators-6-495x400.jpg' class='lightbox ' data-onclick='2' title=''  itemprop=\"thumbnailUrl\"  ><img decoding=\"async\" fetchpriority=\"high\" class=\"wp-image-525 avia-img-lazy-loading-not-525\"   src=\"https:\/\/www.steam-energy.eu\/wp-content\/uploads\/2022\/10\/Vertical-steam-generators-6-495x400.jpg\" width=\"495\" height=\"400\"  title='Vertical steam generators' alt='Vertical steam generators' srcset=\"https:\/\/www.steam-energy.eu\/wp-content\/uploads\/2022\/10\/Vertical-steam-generators-6-495x400.jpg 495w, https:\/\/www.steam-energy.eu\/wp-content\/uploads\/2022\/10\/Vertical-steam-generators-6-845x684.jpg 845w\" sizes=\"(max-width: 495px) 100vw, 495px\" \/><div class='big-prev-fake'><img decoding=\"async\" loading=\"lazy\" class=\"wp-image-525 avia-img-lazy-loading-525\"  width=\"495\" height=\"400\" src=\"https:\/\/www.steam-energy.eu\/wp-content\/uploads\/2022\/10\/Vertical-steam-generators-6-495x400.jpg\" title='Vertical steam generators' alt='Vertical steam generators' srcset=\"https:\/\/www.steam-energy.eu\/wp-content\/uploads\/2022\/10\/Vertical-steam-generators-6-495x400.jpg 495w, https:\/\/www.steam-energy.eu\/wp-content\/uploads\/2022\/10\/Vertical-steam-generators-6-845x684.jpg 845w\" sizes=\"auto, (max-width: 495px) 100vw, 495px\" \/><\/div><\/a><a href=\"https:\/\/www.steam-energy.eu\/wp-content\/uploads\/2022\/10\/Vertical-steam-generators-5.jpg\" data-srcset=\"https:\/\/www.steam-energy.eu\/wp-content\/uploads\/2022\/10\/Vertical-steam-generators-5.jpg 800w, https:\/\/www.steam-energy.eu\/wp-content\/uploads\/2022\/10\/Vertical-steam-generators-5-300x225.jpg 300w, https:\/\/www.steam-energy.eu\/wp-content\/uploads\/2022\/10\/Vertical-steam-generators-5-768x576.jpg 768w, https:\/\/www.steam-energy.eu\/wp-content\/uploads\/2022\/10\/Vertical-steam-generators-5-705x529.jpg 705w\" data-sizes=\"(max-width: 800px) 100vw, 800px\" data-rel='gallery-1' data-prev-img='https:\/\/www.steam-energy.eu\/wp-content\/uploads\/2022\/10\/Vertical-steam-generators-5-495x400.jpg' class='lightbox ' data-onclick='3' title=''  itemprop=\"thumbnailUrl\"  ><img decoding=\"async\" fetchpriority=\"high\" class=\"wp-image-524 avia-img-lazy-loading-not-524\"   src=\"https:\/\/www.steam-energy.eu\/wp-content\/uploads\/2022\/10\/Vertical-steam-generators-5-495x400.jpg\" width=\"495\" height=\"400\"  title='Vertical steam generators' alt='Vertical steam generators' \/><div class='big-prev-fake'><img decoding=\"async\" loading=\"lazy\" class=\"wp-image-524 avia-img-lazy-loading-524\"  width=\"495\" height=\"400\" src=\"https:\/\/www.steam-energy.eu\/wp-content\/uploads\/2022\/10\/Vertical-steam-generators-5-495x400.jpg\" title='Vertical steam generators' alt='Vertical steam generators' \/><\/div><\/a><a href=\"https:\/\/www.steam-energy.eu\/wp-content\/uploads\/2022\/10\/Vertical-steam-generators-4.jpg\" data-srcset=\"https:\/\/www.steam-energy.eu\/wp-content\/uploads\/2022\/10\/Vertical-steam-generators-4.jpg 600w, https:\/\/www.steam-energy.eu\/wp-content\/uploads\/2022\/10\/Vertical-steam-generators-4-225x300.jpg 225w, https:\/\/www.steam-energy.eu\/wp-content\/uploads\/2022\/10\/Vertical-steam-generators-4-529x705.jpg 529w\" data-sizes=\"(max-width: 600px) 100vw, 600px\" data-rel='gallery-1' data-prev-img='https:\/\/www.steam-energy.eu\/wp-content\/uploads\/2022\/10\/Vertical-steam-generators-4-495x400.jpg' class='first_thumb lightbox ' data-onclick='4' title=''  itemprop=\"thumbnailUrl\"  ><img decoding=\"async\" fetchpriority=\"high\" class=\"wp-image-523 avia-img-lazy-loading-not-523\"   src=\"https:\/\/www.steam-energy.eu\/wp-content\/uploads\/2022\/10\/Vertical-steam-generators-4-495x400.jpg\" width=\"495\" height=\"400\"  title='Vertical steam generators' alt='Vertical steam generators' \/><div class='big-prev-fake'><img decoding=\"async\" loading=\"lazy\" class=\"wp-image-523 avia-img-lazy-loading-523\"  width=\"495\" height=\"400\" src=\"https:\/\/www.steam-energy.eu\/wp-content\/uploads\/2022\/10\/Vertical-steam-generators-4-495x400.jpg\" title='Vertical steam generators' alt='Vertical steam generators' \/><\/div><\/a><a href=\"https:\/\/www.steam-energy.eu\/wp-content\/uploads\/2022\/10\/Vertical-steam-generators-3.jpg\" data-srcset=\"https:\/\/www.steam-energy.eu\/wp-content\/uploads\/2022\/10\/Vertical-steam-generators-3.jpg 600w, https:\/\/www.steam-energy.eu\/wp-content\/uploads\/2022\/10\/Vertical-steam-generators-3-225x300.jpg 225w, https:\/\/www.steam-energy.eu\/wp-content\/uploads\/2022\/10\/Vertical-steam-generators-3-529x705.jpg 529w\" data-sizes=\"(max-width: 600px) 100vw, 600px\" data-rel='gallery-1' data-prev-img='https:\/\/www.steam-energy.eu\/wp-content\/uploads\/2022\/10\/Vertical-steam-generators-3-495x400.jpg' class='lightbox ' data-onclick='5' title=''  itemprop=\"thumbnailUrl\"  ><img decoding=\"async\" fetchpriority=\"high\" class=\"wp-image-522 avia-img-lazy-loading-not-522\"   src=\"https:\/\/www.steam-energy.eu\/wp-content\/uploads\/2022\/10\/Vertical-steam-generators-3-495x400.jpg\" width=\"495\" height=\"400\"  title='Vertical steam generators' alt='Vertical steam generators' \/><div class='big-prev-fake'><img decoding=\"async\" loading=\"lazy\" class=\"wp-image-522 avia-img-lazy-loading-522\"  width=\"495\" height=\"400\" src=\"https:\/\/www.steam-energy.eu\/wp-content\/uploads\/2022\/10\/Vertical-steam-generators-3-495x400.jpg\" title='Vertical steam generators' alt='Vertical steam generators' \/><\/div><\/a><a href=\"https:\/\/www.steam-energy.eu\/wp-content\/uploads\/2022\/10\/Vertical-steam-generators-2.jpg\" data-srcset=\"https:\/\/www.steam-energy.eu\/wp-content\/uploads\/2022\/10\/Vertical-steam-generators-2.jpg 800w, https:\/\/www.steam-energy.eu\/wp-content\/uploads\/2022\/10\/Vertical-steam-generators-2-300x225.jpg 300w, https:\/\/www.steam-energy.eu\/wp-content\/uploads\/2022\/10\/Vertical-steam-generators-2-768x576.jpg 768w, https:\/\/www.steam-energy.eu\/wp-content\/uploads\/2022\/10\/Vertical-steam-generators-2-705x529.jpg 705w\" data-sizes=\"(max-width: 800px) 100vw, 800px\" data-rel='gallery-1' data-prev-img='https:\/\/www.steam-energy.eu\/wp-content\/uploads\/2022\/10\/Vertical-steam-generators-2-495x400.jpg' class='lightbox ' data-onclick='6' title=''  itemprop=\"thumbnailUrl\"  ><img decoding=\"async\" fetchpriority=\"high\" class=\"wp-image-521 avia-img-lazy-loading-not-521\"   src=\"https:\/\/www.steam-energy.eu\/wp-content\/uploads\/2022\/10\/Vertical-steam-generators-2-495x400.jpg\" width=\"495\" height=\"400\"  title='Vertical steam generators' alt='Vertical steam generators' \/><div class='big-prev-fake'><img decoding=\"async\" loading=\"lazy\" class=\"wp-image-521 avia-img-lazy-loading-521\"  width=\"495\" height=\"400\" src=\"https:\/\/www.steam-energy.eu\/wp-content\/uploads\/2022\/10\/Vertical-steam-generators-2-495x400.jpg\" title='Vertical steam generators' alt='Vertical steam generators' \/><\/div><\/a><\/div><\/div>\n<\/div><\/div><\/main><!-- close content main element --><\/div><\/div><div id='after_section_1'  class='main_color av_default_container_wrap container_wrap sidebar_right'  ><div class='container av-section-cont-open' ><div class='template-page content  av-content-small alpha units'><div class='post-entry post-entry-type-page post-entry-648'><div class='entry-content-wrapper clearfix'>\n","protected":false},"excerpt":{"rendered":"","protected":false},"author":1,"featured_media":0,"parent":0,"menu_order":0,"comment_status":"closed","ping_status":"closed","template":"","meta":{"footnotes":""},"class_list":["post-648","page","type-page","status-publish","hentry"],"yoast_head":"<!-- This site is optimized with the Yoast SEO plugin v26.4 - https:\/\/yoast.com\/wordpress\/plugins\/seo\/ -->\n<title>Pystysuora h\u00f6yrykehitin - Biomass steam solutions<\/title>\n<meta name=\"robots\" content=\"index, follow, max-snippet:-1, max-image-preview:large, max-video-preview:-1\" \/>\n<link rel=\"canonical\" href=\"https:\/\/www.steam-energy.eu\/fi\/pystysuora-hoyrykehitin\/\" \/>\n<meta property=\"og:locale\" content=\"fi_FI\" \/>\n<meta property=\"og:type\" content=\"article\" \/>\n<meta property=\"og:title\" content=\"Pystysuora h\u00f6yrykehitin - Biomass steam solutions\" \/>\n<meta property=\"og:url\" content=\"https:\/\/www.steam-energy.eu\/fi\/pystysuora-hoyrykehitin\/\" \/>\n<meta property=\"og:site_name\" content=\"Biomass steam solutions\" \/>\n<meta property=\"article:modified_time\" content=\"2022-11-24T01:41:30+00:00\" \/>\n<meta name=\"twitter:card\" content=\"summary_large_image\" \/>\n<meta name=\"twitter:label1\" content=\"Arvioitu lukuaika\" \/>\n\t<meta name=\"twitter:data1\" content=\"3 minuuttia\" \/>\n<script type=\"application\/ld+json\" class=\"yoast-schema-graph\">{\"@context\":\"https:\/\/schema.org\",\"@graph\":[{\"@type\":\"WebPage\",\"@id\":\"https:\/\/www.steam-energy.eu\/fi\/pystysuora-hoyrykehitin\/\",\"url\":\"https:\/\/www.steam-energy.eu\/fi\/pystysuora-hoyrykehitin\/\",\"name\":\"Pystysuora h\u00f6yrykehitin - Biomass steam solutions\",\"isPartOf\":{\"@id\":\"https:\/\/steam-energy.eu\/et\/#website\"},\"datePublished\":\"2022-10-21T23:03:54+00:00\",\"dateModified\":\"2022-11-24T01:41:30+00:00\",\"breadcrumb\":{\"@id\":\"https:\/\/www.steam-energy.eu\/fi\/pystysuora-hoyrykehitin\/#breadcrumb\"},\"inLanguage\":\"fi\",\"potentialAction\":[{\"@type\":\"ReadAction\",\"target\":[\"https:\/\/www.steam-energy.eu\/fi\/pystysuora-hoyrykehitin\/\"]}]},{\"@type\":\"BreadcrumbList\",\"@id\":\"https:\/\/www.steam-energy.eu\/fi\/pystysuora-hoyrykehitin\/#breadcrumb\",\"itemListElement\":[{\"@type\":\"ListItem\",\"position\":1,\"name\":\"Home\",\"item\":\"https:\/\/steam-energy.eu\/fi\/\"},{\"@type\":\"ListItem\",\"position\":2,\"name\":\"Pystysuora h\u00f6yrykehitin\"}]},{\"@type\":\"WebSite\",\"@id\":\"https:\/\/steam-energy.eu\/et\/#website\",\"url\":\"https:\/\/steam-energy.eu\/et\/\",\"name\":\"Biomass steam solutions\",\"description\":\"\",\"publisher\":{\"@id\":\"https:\/\/steam-energy.eu\/et\/#organization\"},\"potentialAction\":[{\"@type\":\"SearchAction\",\"target\":{\"@type\":\"EntryPoint\",\"urlTemplate\":\"https:\/\/steam-energy.eu\/et\/?s={search_term_string}\"},\"query-input\":{\"@type\":\"PropertyValueSpecification\",\"valueRequired\":true,\"valueName\":\"search_term_string\"}}],\"inLanguage\":\"fi\"},{\"@type\":\"Organization\",\"@id\":\"https:\/\/steam-energy.eu\/et\/#organization\",\"name\":\"Kateena O\u00dc\",\"url\":\"https:\/\/steam-energy.eu\/et\/\",\"logo\":{\"@type\":\"ImageObject\",\"inLanguage\":\"fi\",\"@id\":\"https:\/\/steam-energy.eu\/et\/#\/schema\/logo\/image\/\",\"url\":\"https:\/\/steam-energy.eu\/wp-content\/uploads\/2022\/10\/logo.png\",\"contentUrl\":\"https:\/\/steam-energy.eu\/wp-content\/uploads\/2022\/10\/logo.png\",\"width\":330,\"height\":120,\"caption\":\"Kateena O\u00dc\"},\"image\":{\"@id\":\"https:\/\/steam-energy.eu\/et\/#\/schema\/logo\/image\/\"}}]}<\/script>\n<!-- \/ Yoast SEO plugin. -->","yoast_head_json":{"title":"Pystysuora h\u00f6yrykehitin - Biomass steam solutions","robots":{"index":"index","follow":"follow","max-snippet":"max-snippet:-1","max-image-preview":"max-image-preview:large","max-video-preview":"max-video-preview:-1"},"canonical":"https:\/\/www.steam-energy.eu\/fi\/pystysuora-hoyrykehitin\/","og_locale":"fi_FI","og_type":"article","og_title":"Pystysuora h\u00f6yrykehitin - Biomass steam solutions","og_url":"https:\/\/www.steam-energy.eu\/fi\/pystysuora-hoyrykehitin\/","og_site_name":"Biomass steam solutions","article_modified_time":"2022-11-24T01:41:30+00:00","twitter_card":"summary_large_image","twitter_misc":{"Arvioitu lukuaika":"3 minuuttia"},"schema":{"@context":"https:\/\/schema.org","@graph":[{"@type":"WebPage","@id":"https:\/\/www.steam-energy.eu\/fi\/pystysuora-hoyrykehitin\/","url":"https:\/\/www.steam-energy.eu\/fi\/pystysuora-hoyrykehitin\/","name":"Pystysuora h\u00f6yrykehitin - Biomass steam solutions","isPartOf":{"@id":"https:\/\/steam-energy.eu\/et\/#website"},"datePublished":"2022-10-21T23:03:54+00:00","dateModified":"2022-11-24T01:41:30+00:00","breadcrumb":{"@id":"https:\/\/www.steam-energy.eu\/fi\/pystysuora-hoyrykehitin\/#breadcrumb"},"inLanguage":"fi","potentialAction":[{"@type":"ReadAction","target":["https:\/\/www.steam-energy.eu\/fi\/pystysuora-hoyrykehitin\/"]}]},{"@type":"BreadcrumbList","@id":"https:\/\/www.steam-energy.eu\/fi\/pystysuora-hoyrykehitin\/#breadcrumb","itemListElement":[{"@type":"ListItem","position":1,"name":"Home","item":"https:\/\/steam-energy.eu\/fi\/"},{"@type":"ListItem","position":2,"name":"Pystysuora h\u00f6yrykehitin"}]},{"@type":"WebSite","@id":"https:\/\/steam-energy.eu\/et\/#website","url":"https:\/\/steam-energy.eu\/et\/","name":"Biomass steam solutions","description":"","publisher":{"@id":"https:\/\/steam-energy.eu\/et\/#organization"},"potentialAction":[{"@type":"SearchAction","target":{"@type":"EntryPoint","urlTemplate":"https:\/\/steam-energy.eu\/et\/?s={search_term_string}"},"query-input":{"@type":"PropertyValueSpecification","valueRequired":true,"valueName":"search_term_string"}}],"inLanguage":"fi"},{"@type":"Organization","@id":"https:\/\/steam-energy.eu\/et\/#organization","name":"Kateena O\u00dc","url":"https:\/\/steam-energy.eu\/et\/","logo":{"@type":"ImageObject","inLanguage":"fi","@id":"https:\/\/steam-energy.eu\/et\/#\/schema\/logo\/image\/","url":"https:\/\/steam-energy.eu\/wp-content\/uploads\/2022\/10\/logo.png","contentUrl":"https:\/\/steam-energy.eu\/wp-content\/uploads\/2022\/10\/logo.png","width":330,"height":120,"caption":"Kateena O\u00dc"},"image":{"@id":"https:\/\/steam-energy.eu\/et\/#\/schema\/logo\/image\/"}}]}},"_links":{"self":[{"href":"https:\/\/www.steam-energy.eu\/fi\/wp-json\/wp\/v2\/pages\/648","targetHints":{"allow":["GET"]}}],"collection":[{"href":"https:\/\/www.steam-energy.eu\/fi\/wp-json\/wp\/v2\/pages"}],"about":[{"href":"https:\/\/www.steam-energy.eu\/fi\/wp-json\/wp\/v2\/types\/page"}],"author":[{"embeddable":true,"href":"https:\/\/www.steam-energy.eu\/fi\/wp-json\/wp\/v2\/users\/1"}],"replies":[{"embeddable":true,"href":"https:\/\/www.steam-energy.eu\/fi\/wp-json\/wp\/v2\/comments?post=648"}],"version-history":[{"count":1,"href":"https:\/\/www.steam-energy.eu\/fi\/wp-json\/wp\/v2\/pages\/648\/revisions"}],"predecessor-version":[{"id":650,"href":"https:\/\/www.steam-energy.eu\/fi\/wp-json\/wp\/v2\/pages\/648\/revisions\/650"}],"wp:attachment":[{"href":"https:\/\/www.steam-energy.eu\/fi\/wp-json\/wp\/v2\/media?parent=648"}],"curies":[{"name":"wp","href":"https:\/\/api.w.org\/{rel}","templated":true}]}}