{"id":1043,"date":"2026-05-15T07:44:39","date_gmt":"2026-05-15T07:44:39","guid":{"rendered":"https:\/\/steam-energy.eu\/?page_id=1043"},"modified":"2026-05-15T08:11:41","modified_gmt":"2026-05-15T08:11:41","slug":"biogaasi-katlad","status":"publish","type":"page","link":"https:\/\/www.steam-energy.eu\/et\/biogaasi-katlad\/","title":{"rendered":"Biogaasi katlad"},"content":{"rendered":"<h3><span class=\"\"><img loading=\"lazy\" decoding=\"async\" class=\"size-medium wp-image-1046 alignright\" src=\"https:\/\/steam-energy.eu\/wp-content\/uploads\/2026\/05\/biogaasi-poleti-264x300.jpg\" alt=\"\" width=\"264\" height=\"300\" srcset=\"https:\/\/steam-energy.eu\/wp-content\/uploads\/2026\/05\/biogaasi-poleti-264x300.jpg 264w, https:\/\/steam-energy.eu\/wp-content\/uploads\/2026\/05\/biogaasi-poleti-906x1030.jpg 906w, https:\/\/steam-energy.eu\/wp-content\/uploads\/2026\/05\/biogaasi-poleti-768x873.jpg 768w, https:\/\/steam-energy.eu\/wp-content\/uploads\/2026\/05\/biogaasi-poleti-1352x1536.jpg 1352w, https:\/\/steam-energy.eu\/wp-content\/uploads\/2026\/05\/biogaasi-poleti-1802x2048.jpg 1802w, https:\/\/steam-energy.eu\/wp-content\/uploads\/2026\/05\/biogaasi-poleti-1320x1500.jpg 1320w, https:\/\/steam-energy.eu\/wp-content\/uploads\/2026\/05\/biogaasi-poleti-620x705.jpg 620w\" sizes=\"auto, (max-width: 264px) 100vw, 264px\" \/><strong>T\u00f5husad k\u00fcttelahendused biogaasi p\u00f5letamisel<\/strong><\/span><\/h3>\n<p><span class=\"\">Meie biogaasil t\u00f6\u00f6tavad auru ja kuuma vee katlad on spetsiaalselt projekteeritud vastu pidama biogaasi p\u00f5lemisel tekkivatele korrodeerivatele m\u00f5judele.<\/span><span class=\"\"> Need katlad on m\u00f5eldud anaeroobse k\u00e4\u00e4ritamise jaamadest,<\/span><span class=\"\"> reoveepuhastitest ja p\u00f5llumajandusettev\u00f5tetest p\u00e4rit biogaasi muundamiseks usaldusv\u00e4\u00e4rseks soojusenergiaks.<\/span><\/p>\n<h3><b data-path-to-node=\"4\" data-index-in-node=\"0\">Tehnilised andmed<\/b><\/h3>\n<ul data-path-to-node=\"5\">\n<li><b data-path-to-node=\"5,0,0\" data-index-in-node=\"0\">V\u00f5imsusvahemik:<\/b> 200 kW kuni 4000 kW (standardmudelid)<\/li>\n<li><b data-path-to-node=\"5,1,0\" data-index-in-node=\"0\">Eritellimused:<\/b> Suuremad v\u00f5imsused ja erinevad r\u00f5huvahemikud on saadaval eritellimusel.<\/li>\n<li><b data-path-to-node=\"5,2,0\" data-index-in-node=\"0\">Standardne t\u00f6\u00f6r\u00f5hk:<\/b> 5 bar (eritellimusel ka muud r\u00f5hud)<\/li>\n<li><b data-path-to-node=\"5,3,0\" data-index-in-node=\"0\">K\u00fctuse \u00fchilduvus:<\/b> Optimeeritud biogaasile, mille <span class=\"math-inline\" data-math=\"H_2S\" data-index-in-node=\"49\">H2S<\/span> (vesiniksulfiidi) sisaldus on kuni <b data-path-to-node=\"5,3,0\" data-index-in-node=\"89\">2000 ppm<\/b>.<\/li>\n<\/ul>\n<h3 data-path-to-node=\"7\"><strong>Loodud kestma: Meie biogaasilahenduste eelised<\/strong><\/h3>\n<p>Biogaas sisaldab vesiniksulfiidi H2S, mis v\u00f5ib tavalisi s\u00fcsinikterasest katlaid t\u00f5siselt kahjustada. Meie seadmed on varustatud spetsiaalse <b data-path-to-node=\"8\" data-index-in-node=\"143\">korrosioonivastase paketiga<\/b>, mis tagab pika t\u00f6\u00f6ea:<\/p>\n<ul data-path-to-node=\"9\">\n<li><b data-path-to-node=\"9,0,0\" data-index-in-node=\"0\">Betoonist esiuukse isolatsioon:<\/b> Erinevalt tavalisest kiudisolatsioonist talub meie sarrustatud betoonvooder biogaasi p\u00f5lemise keemilist profiili.<\/li>\n<li><b data-path-to-node=\"9,1,0\" data-index-in-node=\"0\">Suitsukasti t\u00e4ielik galvaniseerimine:<\/b> Suitsukasti t\u00e4ielik kaitse niiskuse ja v\u00e4\u00e4vli p\u00f5hjustatud oks\u00fcdeerumise eest.<\/li>\n<li><b data-path-to-node=\"9,2,0\" data-index-in-node=\"0\">Sisemine kondensaadi \u00e4ravool:<\/b> Spetsiaalne kogumiss\u00fcsteem suitsukasti sees happelise vedeliku ohutuks eemaldamiseks.<\/li>\n<li><b data-path-to-node=\"9,3,0\" data-index-in-node=\"0\">Epoks\u00fcv\u00e4rviga kaetud tagumine torulaud:<\/b> K\u00f5rgekvaliteediline epoks\u00fcbarj\u00e4\u00e4r kaitseb kriitilist tagumist toruplaati kohas, kus kuumad suitsugaasid sellega enne v\u00e4ljutamist kokku puutuvad.<\/li>\n<\/ul>\n<h3><strong>Miks valida biogaasilahendus ettev\u00f5ttelt Steam-Energy.eu?<\/strong><\/h3>\n<p data-path-to-node=\"20\">Biogaasi p\u00f5letamine n\u00f5uab enamat kui lihtsalt p\u00f5leti vahetamist \u2013 see n\u00f5uab spetsiaalselt selleks t\u00f6\u00f6ks ehitatud k\u00fctusetorustikku, p\u00f5letit ja katelseadet. Me \u00fchendame taastuvenergia tootmise ja t\u00f6\u00f6stusliku k\u00fctmise t\u00f6\u00f6kindluse.<\/p>\n<p data-path-to-node=\"21,0,0\"><b data-path-to-node=\"21,0,0\" data-index-in-node=\"0\">Konsultatsioonid:<\/b> Aitame teil valida katla, mis vastab t\u00e4pselt teie gaasi metaani- ja v\u00e4\u00e4vliprofiilile.<\/p>\n<p data-path-to-node=\"21,1,0\"><b data-path-to-node=\"21,1,0\" data-index-in-node=\"0\">Erilahendused:<\/b> Kui meie standardne kuni 4000 kW tootevalik ei vasta teie vajadustele, pakume eritellimusel projekteeritud soojuslahendusi suuremate r\u00f5hkude v\u00f5i v\u00f5imsuste jaoks.<\/p>\n<p data-path-to-node=\"21,1,0\"><b data-path-to-node=\"21,1,0\" data-index-in-node=\"0\">Biogaasi konteinerkatlamajad:\u00a0<\/b>V\u00e4ga tihti soovivad kliendid lisada biogaasi p\u00f5letamise \u00fcksust olemasoleva infra juurde, kuid selleks puudub hoonestus. Selle jaoks oleme v\u00e4lja t\u00f6\u00f6tanud meie kliima sobilikud konteinerkatlamaja lahendused.<\/p>\n<p data-path-to-node=\"22\"><b>Huvi korral v\u00f5tke \u00fchendust +372 53413774 v\u00f5i &#x69;n&#x66;&#111;&#x40;&#x73;t&#x65;&#97;&#x6d;&#x2d;e&#x6e;&#101;&#x72;&#x67;y&#x2e;&#101;&#x75;<\/b><\/p>\n","protected":false},"excerpt":{"rendered":"<p>T\u00f5husad k\u00fcttelahendused biogaasi p\u00f5letamisel Meie biogaasil t\u00f6\u00f6tavad auru ja kuuma vee katlad on spetsiaalselt projekteeritud vastu pidama biogaasi p\u00f5lemisel tekkivatele korrodeerivatele m\u00f5judele. Need katlad on m\u00f5eldud anaeroobse k\u00e4\u00e4ritamise jaamadest, reoveepuhastitest ja p\u00f5llumajandusettev\u00f5tetest p\u00e4rit biogaasi muundamiseks usaldusv\u00e4\u00e4rseks soojusenergiaks. Tehnilised andmed V\u00f5imsusvahemik: 200 kW kuni 4000 kW (standardmudelid) Eritellimused: Suuremad v\u00f5imsused ja erinevad r\u00f5huvahemikud on saadaval eritellimusel. [&hellip;]<\/p>\n","protected":false},"author":2,"featured_media":0,"parent":0,"menu_order":0,"comment_status":"closed","ping_status":"closed","template":"","meta":{"footnotes":""},"class_list":["post-1043","page","type-page","status-publish","hentry"],"yoast_head":"<!-- This site is optimized with the Yoast SEO plugin v26.4 - https:\/\/yoast.com\/wordpress\/plugins\/seo\/ -->\n<title>Biogaasi katlad - Biomass steam solutions<\/title>\n<meta name=\"description\" content=\"Biogaasi p\u00f5letamine spetsiaalses biogaasi katlas. Biogaasist auru ja kuuma vee tootmine.\" \/>\n<meta name=\"robots\" content=\"index, follow, max-snippet:-1, max-image-preview:large, max-video-preview:-1\" \/>\n<link rel=\"canonical\" href=\"https:\/\/steam-energy.eu\/et\/biogaasi-katlad\/\" \/>\n<meta property=\"og:locale\" content=\"et_EE\" \/>\n<meta property=\"og:type\" content=\"article\" \/>\n<meta property=\"og:title\" content=\"Biogaasi katlad - Biomass steam solutions\" \/>\n<meta property=\"og:description\" content=\"Biogaasi p\u00f5letamine spetsiaalses biogaasi katlas. Biogaasist auru ja kuuma vee tootmine.\" \/>\n<meta property=\"og:url\" content=\"https:\/\/steam-energy.eu\/et\/biogaasi-katlad\/\" \/>\n<meta property=\"og:site_name\" content=\"Biomass steam solutions\" \/>\n<meta property=\"article:modified_time\" content=\"2026-05-15T08:11:41+00:00\" \/>\n<meta property=\"og:image\" content=\"https:\/\/steam-energy.eu\/wp-content\/uploads\/2026\/05\/biogaasi-poleti.jpg\" \/>\n\t<meta property=\"og:image:width\" content=\"2574\" \/>\n\t<meta property=\"og:image:height\" content=\"2925\" \/>\n\t<meta property=\"og:image:type\" content=\"image\/jpeg\" \/>\n<meta name=\"twitter:card\" content=\"summary_large_image\" \/>\n<meta name=\"twitter:label1\" content=\"Est. reading time\" \/>\n\t<meta name=\"twitter:data1\" content=\"2 minutit\" \/>\n<script type=\"application\/ld+json\" class=\"yoast-schema-graph\">{\"@context\":\"https:\/\/schema.org\",\"@graph\":[{\"@type\":\"WebPage\",\"@id\":\"https:\/\/steam-energy.eu\/et\/biogaasi-katlad\/\",\"url\":\"https:\/\/steam-energy.eu\/et\/biogaasi-katlad\/\",\"name\":\"Biogaasi katlad - Biomass steam solutions\",\"isPartOf\":{\"@id\":\"https:\/\/steam-energy.eu\/#website\"},\"primaryImageOfPage\":{\"@id\":\"https:\/\/steam-energy.eu\/et\/biogaasi-katlad\/#primaryimage\"},\"image\":{\"@id\":\"https:\/\/steam-energy.eu\/et\/biogaasi-katlad\/#primaryimage\"},\"thumbnailUrl\":\"https:\/\/steam-energy.eu\/wp-content\/uploads\/2026\/05\/biogaasi-poleti-264x300.jpg\",\"datePublished\":\"2026-05-15T07:44:39+00:00\",\"dateModified\":\"2026-05-15T08:11:41+00:00\",\"description\":\"Biogaasi p\u00f5letamine spetsiaalses biogaasi katlas. Biogaasist auru ja kuuma vee tootmine.\",\"breadcrumb\":{\"@id\":\"https:\/\/steam-energy.eu\/et\/biogaasi-katlad\/#breadcrumb\"},\"inLanguage\":\"et\",\"potentialAction\":[{\"@type\":\"ReadAction\",\"target\":[\"https:\/\/steam-energy.eu\/et\/biogaasi-katlad\/\"]}]},{\"@type\":\"ImageObject\",\"inLanguage\":\"et\",\"@id\":\"https:\/\/steam-energy.eu\/et\/biogaasi-katlad\/#primaryimage\",\"url\":\"https:\/\/steam-energy.eu\/wp-content\/uploads\/2026\/05\/biogaasi-poleti-264x300.jpg\",\"contentUrl\":\"https:\/\/steam-energy.eu\/wp-content\/uploads\/2026\/05\/biogaasi-poleti-264x300.jpg\"},{\"@type\":\"BreadcrumbList\",\"@id\":\"https:\/\/steam-energy.eu\/et\/biogaasi-katlad\/#breadcrumb\",\"itemListElement\":[{\"@type\":\"ListItem\",\"position\":1,\"name\":\"Home\",\"item\":\"https:\/\/steam-energy.eu\/\"},{\"@type\":\"ListItem\",\"position\":2,\"name\":\"Biogaasi katlad\"}]},{\"@type\":\"WebSite\",\"@id\":\"https:\/\/steam-energy.eu\/#website\",\"url\":\"https:\/\/steam-energy.eu\/\",\"name\":\"Biomass steam solutions\",\"description\":\"\",\"publisher\":{\"@id\":\"https:\/\/steam-energy.eu\/#organization\"},\"potentialAction\":[{\"@type\":\"SearchAction\",\"target\":{\"@type\":\"EntryPoint\",\"urlTemplate\":\"https:\/\/steam-energy.eu\/?s={search_term_string}\"},\"query-input\":{\"@type\":\"PropertyValueSpecification\",\"valueRequired\":true,\"valueName\":\"search_term_string\"}}],\"inLanguage\":\"et\"},{\"@type\":\"Organization\",\"@id\":\"https:\/\/steam-energy.eu\/#organization\",\"name\":\"Kateena O\u00dc\",\"url\":\"https:\/\/steam-energy.eu\/\",\"logo\":{\"@type\":\"ImageObject\",\"inLanguage\":\"et\",\"@id\":\"https:\/\/steam-energy.eu\/#\/schema\/logo\/image\/\",\"url\":\"https:\/\/steam-energy.eu\/wp-content\/uploads\/2022\/10\/logo.png\",\"contentUrl\":\"https:\/\/steam-energy.eu\/wp-content\/uploads\/2022\/10\/logo.png\",\"width\":330,\"height\":120,\"caption\":\"Kateena O\u00dc\"},\"image\":{\"@id\":\"https:\/\/steam-energy.eu\/#\/schema\/logo\/image\/\"}}]}<\/script>\n<!-- \/ Yoast SEO plugin. -->","yoast_head_json":{"title":"Biogaasi katlad - Biomass steam solutions","description":"Biogaasi p\u00f5letamine spetsiaalses biogaasi katlas. Biogaasist auru ja kuuma vee tootmine.","robots":{"index":"index","follow":"follow","max-snippet":"max-snippet:-1","max-image-preview":"max-image-preview:large","max-video-preview":"max-video-preview:-1"},"canonical":"https:\/\/steam-energy.eu\/et\/biogaasi-katlad\/","og_locale":"et_EE","og_type":"article","og_title":"Biogaasi katlad - Biomass steam solutions","og_description":"Biogaasi p\u00f5letamine spetsiaalses biogaasi katlas. Biogaasist auru ja kuuma vee tootmine.","og_url":"https:\/\/steam-energy.eu\/et\/biogaasi-katlad\/","og_site_name":"Biomass steam solutions","article_modified_time":"2026-05-15T08:11:41+00:00","og_image":[{"width":2574,"height":2925,"url":"https:\/\/steam-energy.eu\/wp-content\/uploads\/2026\/05\/biogaasi-poleti.jpg","type":"image\/jpeg"}],"twitter_card":"summary_large_image","twitter_misc":{"Est. reading time":"2 minutit"},"schema":{"@context":"https:\/\/schema.org","@graph":[{"@type":"WebPage","@id":"https:\/\/steam-energy.eu\/et\/biogaasi-katlad\/","url":"https:\/\/steam-energy.eu\/et\/biogaasi-katlad\/","name":"Biogaasi katlad - Biomass steam solutions","isPartOf":{"@id":"https:\/\/steam-energy.eu\/#website"},"primaryImageOfPage":{"@id":"https:\/\/steam-energy.eu\/et\/biogaasi-katlad\/#primaryimage"},"image":{"@id":"https:\/\/steam-energy.eu\/et\/biogaasi-katlad\/#primaryimage"},"thumbnailUrl":"https:\/\/steam-energy.eu\/wp-content\/uploads\/2026\/05\/biogaasi-poleti-264x300.jpg","datePublished":"2026-05-15T07:44:39+00:00","dateModified":"2026-05-15T08:11:41+00:00","description":"Biogaasi p\u00f5letamine spetsiaalses biogaasi katlas. Biogaasist auru ja kuuma vee tootmine.","breadcrumb":{"@id":"https:\/\/steam-energy.eu\/et\/biogaasi-katlad\/#breadcrumb"},"inLanguage":"et","potentialAction":[{"@type":"ReadAction","target":["https:\/\/steam-energy.eu\/et\/biogaasi-katlad\/"]}]},{"@type":"ImageObject","inLanguage":"et","@id":"https:\/\/steam-energy.eu\/et\/biogaasi-katlad\/#primaryimage","url":"https:\/\/steam-energy.eu\/wp-content\/uploads\/2026\/05\/biogaasi-poleti-264x300.jpg","contentUrl":"https:\/\/steam-energy.eu\/wp-content\/uploads\/2026\/05\/biogaasi-poleti-264x300.jpg"},{"@type":"BreadcrumbList","@id":"https:\/\/steam-energy.eu\/et\/biogaasi-katlad\/#breadcrumb","itemListElement":[{"@type":"ListItem","position":1,"name":"Home","item":"https:\/\/steam-energy.eu\/"},{"@type":"ListItem","position":2,"name":"Biogaasi katlad"}]},{"@type":"WebSite","@id":"https:\/\/steam-energy.eu\/#website","url":"https:\/\/steam-energy.eu\/","name":"Biomass steam solutions","description":"","publisher":{"@id":"https:\/\/steam-energy.eu\/#organization"},"potentialAction":[{"@type":"SearchAction","target":{"@type":"EntryPoint","urlTemplate":"https:\/\/steam-energy.eu\/?s={search_term_string}"},"query-input":{"@type":"PropertyValueSpecification","valueRequired":true,"valueName":"search_term_string"}}],"inLanguage":"et"},{"@type":"Organization","@id":"https:\/\/steam-energy.eu\/#organization","name":"Kateena O\u00dc","url":"https:\/\/steam-energy.eu\/","logo":{"@type":"ImageObject","inLanguage":"et","@id":"https:\/\/steam-energy.eu\/#\/schema\/logo\/image\/","url":"https:\/\/steam-energy.eu\/wp-content\/uploads\/2022\/10\/logo.png","contentUrl":"https:\/\/steam-energy.eu\/wp-content\/uploads\/2022\/10\/logo.png","width":330,"height":120,"caption":"Kateena O\u00dc"},"image":{"@id":"https:\/\/steam-energy.eu\/#\/schema\/logo\/image\/"}}]}},"_links":{"self":[{"href":"https:\/\/www.steam-energy.eu\/et\/wp-json\/wp\/v2\/pages\/1043","targetHints":{"allow":["GET"]}}],"collection":[{"href":"https:\/\/www.steam-energy.eu\/et\/wp-json\/wp\/v2\/pages"}],"about":[{"href":"https:\/\/www.steam-energy.eu\/et\/wp-json\/wp\/v2\/types\/page"}],"author":[{"embeddable":true,"href":"https:\/\/www.steam-energy.eu\/et\/wp-json\/wp\/v2\/users\/2"}],"replies":[{"embeddable":true,"href":"https:\/\/www.steam-energy.eu\/et\/wp-json\/wp\/v2\/comments?post=1043"}],"version-history":[{"count":3,"href":"https:\/\/www.steam-energy.eu\/et\/wp-json\/wp\/v2\/pages\/1043\/revisions"}],"predecessor-version":[{"id":1051,"href":"https:\/\/www.steam-energy.eu\/et\/wp-json\/wp\/v2\/pages\/1043\/revisions\/1051"}],"wp:attachment":[{"href":"https:\/\/www.steam-energy.eu\/et\/wp-json\/wp\/v2\/media?parent=1043"}],"curies":[{"name":"wp","href":"https:\/\/api.w.org\/{rel}","templated":true}]}}